{"id":866,"date":"2020-10-25T10:06:00","date_gmt":"2020-10-25T09:06:00","guid":{"rendered":"http:\/\/larzacexploceladon.fr\/?page_id=106"},"modified":"2022-10-19T19:49:36","modified_gmt":"2022-10-19T17:49:36","slug":"topographies","status":"publish","type":"page","link":"https:\/\/larzacexploceladon.fr\/index.php\/topographies\/","title":{"rendered":"Topographies"},"content":{"rendered":"\n<p>Les topographies pr\u00e9sent\u00e9es sur cette page sont libres de droits. Elles sont utilisables par tous et pour tous. Par cons\u00e9quent elles existent dans le but de faire avancer la connaissance et de partager l&rsquo;information. Pour obtenir les version hautes d\u00e9finitions et\/ou les fichiers sources (Visual topo\/ Th\u00e9rion\/Kml\/Illustrator\/Pdf) nous contacter. Toutes nos donn\u00e9es sont g\u00e9or\u00e9f\u00e9renc\u00e9es et peuvent \u00eatre visualis\u00e9es sur <a rel=\"noreferrer noopener\" href=\"https:\/\/larzacexploceladon.fr\/lizmap\" target=\"_blank\">notre plateforme Lizmap<\/a> :<\/p>\n\n\n\n<iframe style=\"border:0\" src=\"https:\/\/larzacexploceladon.fr\/lizmap\/index.php\/view\/embed\/?repository=cavites&amp;project=cavites&amp;layers=0BFTTTTTTFT&amp;bbox=339893.9864%2C5417335.21362%2C397451.06869%2C5442062.592267&amp;crs=EPSG%3A3857&amp;layerStyles=galerie%3Ad%C3%A9faut%3Bligne%3Ad%C3%A9faut%3Bphoto%3Ad%C3%A9faut%3Bfilaires%3Ad%C3%A9faut%3Bentree%3Ad%C3%A9faut\" allowfullscreen=\"\" height=\"550\" frameborder=\"0\"><\/iframe>\n\n\n\n<hr class=\"wp-block-separator has-css-opacity\"\/>\n\n\n\n<p><strong><em>LA GROTTE DU BANQUIER (St \u00c9tienne de Gourgas)  : <\/em><\/strong>C&rsquo;est le r\u00e9seau majeur de la zone \u00ab\u00a0Cirque de Gourgas\u00a0\u00bb. Ce travail de longue haleine a d\u00e9but\u00e9 en 2017 et c&rsquo;est gr\u00e2ce \u00e0 cette grotte que la convention Larzac Explo, C\u00e9ladon et Communaut\u00e9 de Communes est n\u00e9e. Elle se d\u00e9veloppe sur plus de 13 000 m (estimations) et nous avons relev\u00e9 et num\u00e9ris\u00e9 actuellement 10250 m. Les travaux sont toujours en cours et devraient reprendre \u00e0 l&rsquo;\u00e9t\u00e9 2021.<\/p>\n\n\n<div class=\"wp-block-image\">\n<figure class=\"aligncenter size-full\"><a href=\"https:\/\/larzacexploceladon.fr\/lizmap\/index.php\/view\/media\/getMedia?repository=cavites&amp;project=cavites&amp;path=media%2Ftopo_pdf%2FBanquier+FINAL.pdf\"><img loading=\"lazy\" decoding=\"async\" width=\"980\" height=\"882\" src=\"https:\/\/larzacexploceladon.fr\/wp-content\/uploads\/2022\/10\/Banquier-Final-.jpg\" alt=\"\" class=\"wp-image-6049\" srcset=\"https:\/\/larzacexploceladon.fr\/wp-content\/uploads\/2022\/10\/Banquier-Final-.jpg 980w, https:\/\/larzacexploceladon.fr\/wp-content\/uploads\/2022\/10\/Banquier-Final--300x270.jpg 300w, https:\/\/larzacexploceladon.fr\/wp-content\/uploads\/2022\/10\/Banquier-Final--768x691.jpg 768w\" sizes=\"auto, (max-width: 980px) 100vw, 980px\" \/><\/a><figcaption><em>La grotte du Banquier (St \u00c9tienne de Gourgas)  <\/em><\/figcaption><\/figure>\n<\/div>\n\n\n<p><strong><em>\u00c9VENT DE GOURGAS (St \u00c9tienne de Gourgas)<\/em><\/strong> : Second plus vaste r\u00e9seau du cirque de Gourgas, la topographie pr\u00e9sent\u00e9e ici est le r\u00e9sultat de la reprise des donn\u00e9es terrain de la campagne \u00ab\u00a0Gourgas 2003\u00a0\u00bb port\u00e9e par le <strong><em>Groupe Sp\u00e9l\u00e9ologique du Languedoc (Le Caylar)<\/em><\/strong>. Nous remercions vivement cette association pour son autorisation de reproduction et son partage des informations.  <\/p>\n\n\n\n<figure class=\"wp-block-image size-large\"><a href=\"https:\/\/larzacexploceladon.fr\/wp-content\/uploads\/2020\/10\/Aven-Event-de-Gourgas-plan-def.jpg\"><img decoding=\"async\" src=\"https:\/\/larzacexploceladon.fr\/wp-content\/uploads\/2020\/10\/Aven-Event-de-Gourgas-plan-def.jpg\" alt=\"\"\/><\/a><\/figure>\n\n\n\n<div class=\"wp-block-group\"><div class=\"wp-block-group__inner-container is-layout-flow wp-block-group-is-layout-flow\">\n<p><strong><em>\u00c9VENT DU BACOU (St \u00c9tienne de Gourgas) <\/em><\/strong>: Situ\u00e9 proche du Banquier, la topographie de cette grotte a \u00e9t\u00e9 r\u00e9alis\u00e9e en collaboration avec le <strong><em>Groupe d\u2019Etudes et de Recherches Sp\u00e9l\u00e9ologiques et Arch\u00e9ologiques de Montpellier (GERSAM) <\/em><\/strong><\/p>\n<\/div><\/div>\n\n\n\n<figure class=\"wp-block-image size-large\"><a href=\"https:\/\/larzacexploceladon.fr\/wp-content\/uploads\/2020\/10\/PLAN_BACOU2.jpg\"><img decoding=\"async\" src=\"https:\/\/larzacexploceladon.fr\/wp-content\/uploads\/2020\/10\/PLAN_BACOU2.jpg\" alt=\"\"\/><\/a><\/figure>\n\n\n\n<p><strong><em>RIVI\u00c8RE SOUTERRAINE DU BOUSQUET (P\u00e9gairolles de l&rsquo;Escalette) <\/em><\/strong>: Ci-dessous la premi\u00e8re topographie num\u00e9rique, int\u00e9grale et in\u00e9dite de la cavit\u00e9. Elle inclue les nouvelles galeries d\u00e9couvertes en 2020. (D\u00e9veloppement : 1715m)<\/p>\n\n\n<div class=\"wp-block-image\">\n<figure class=\"aligncenter size-large\"><a href=\"https:\/\/larzacexploceladon.fr\/wp-content\/uploads\/topo_pdf\/Rivi\u00e8re souterraine du Bousquet.pdf\" target=\"_blank\" rel=\"noopener\"><img decoding=\"async\" src=\"https:\/\/larzacexploceladon.fr\/wp-content\/uploads\/2020\/10\/bous-web.jpg\" alt=\"\"\/><\/a><\/figure>\n<\/div>\n\n\n<p><strong><em>GROTTE DE LA FROMAGERIE (P\u00e9gairolles de l&rsquo;Escalette)<\/em><\/strong> : Topographie num\u00e9rique int\u00e9grale de la grotte, comprenant la partie cave \u00e0 fromage et les galeries d\u00e9couvertes en 2000 par le S.C.Lod\u00e8ve. <\/p>\n\n\n<div class=\"wp-block-image\">\n<figure class=\"aligncenter size-large\"><a href=\"https:\/\/larzacexploceladon.fr\/wp-content\/uploads\/topo_pdf\/Grotte%20de%20la%20Fromagerie.pdf\" target=\"_blank\" rel=\"noopener\"><img decoding=\"async\" src=\"https:\/\/larzacexploceladon.fr\/wp-content\/uploads\/2020\/10\/Fromagerie-finie-web.jpg\" alt=\"\"\/><\/a><\/figure>\n<\/div>\n\n\n<p><strong><em>GROTTE DE LABEIL (Lauroux)<\/em><\/strong> : Topographie num\u00e9rique de la grotte am\u00e9nag\u00e9e. Partie touristique et partie sp\u00e9l\u00e9o r\u00e9unies. <\/p>\n\n\n<div class=\"wp-block-image\">\n<figure class=\"aligncenter size-large\"><a href=\"https:\/\/larzacexploceladon.fr\/wp-content\/uploads\/topo_pdf\/Grotte de Labeil.pdf\" target=\"_blank\" rel=\"noopener\"><img loading=\"lazy\" decoding=\"async\" width=\"602\" height=\"1024\" src=\"https:\/\/larzacexploceladon.fr\/wp-content\/uploads\/2021\/02\/Labeil-Final-web2-602x1024.jpg\" alt=\"\" class=\"wp-image-2443\" srcset=\"https:\/\/larzacexploceladon.fr\/wp-content\/uploads\/2021\/02\/Labeil-Final-web2-602x1024.jpg 602w, https:\/\/larzacexploceladon.fr\/wp-content\/uploads\/2021\/02\/Labeil-Final-web2-176x300.jpg 176w, https:\/\/larzacexploceladon.fr\/wp-content\/uploads\/2021\/02\/Labeil-Final-web2-768x1307.jpg 768w, https:\/\/larzacexploceladon.fr\/wp-content\/uploads\/2021\/02\/Labeil-Final-web2-902x1536.jpg 902w, https:\/\/larzacexploceladon.fr\/wp-content\/uploads\/2021\/02\/Labeil-Final-web2-1203x2048.jpg 1203w, https:\/\/larzacexploceladon.fr\/wp-content\/uploads\/2021\/02\/Labeil-Final-web2-159x270.jpg 159w, https:\/\/larzacexploceladon.fr\/wp-content\/uploads\/2021\/02\/Labeil-Final-web2-scaled.jpg 1504w\" sizes=\"auto, (max-width: 602px) 100vw, 602px\" \/><\/a><\/figure>\n<\/div>\n\n\n<p><strong><em>EXSURGENCE DU PAYROL (Lauroux) <\/em><\/strong>: Pour des raisons de s\u00e9curit\u00e9s et de protection du captage, la topographie pr\u00e9sent\u00e9e ici a \u00e9t\u00e9 volontairement modifi\u00e9e. <\/p>\n\n\n<div class=\"wp-block-image\">\n<figure class=\"aligncenter size-large\"><a href=\"https:\/\/larzacexploceladon.fr\/wp-content\/uploads\/2021\/04\/Payrol-Final-pour-blog-1-scaled.jpg\"><img loading=\"lazy\" decoding=\"async\" width=\"807\" height=\"1024\" src=\"https:\/\/larzacexploceladon.fr\/wp-content\/uploads\/2021\/04\/Payrol-Final-pour-blog-1-807x1024.jpg\" alt=\"\" class=\"wp-image-2597\" srcset=\"https:\/\/larzacexploceladon.fr\/wp-content\/uploads\/2021\/04\/Payrol-Final-pour-blog-1-807x1024.jpg 807w, https:\/\/larzacexploceladon.fr\/wp-content\/uploads\/2021\/04\/Payrol-Final-pour-blog-1-236x300.jpg 236w, https:\/\/larzacexploceladon.fr\/wp-content\/uploads\/2021\/04\/Payrol-Final-pour-blog-1-768x975.jpg 768w, https:\/\/larzacexploceladon.fr\/wp-content\/uploads\/2021\/04\/Payrol-Final-pour-blog-1-1210x1536.jpg 1210w, https:\/\/larzacexploceladon.fr\/wp-content\/uploads\/2021\/04\/Payrol-Final-pour-blog-1-1613x2048.jpg 1613w, https:\/\/larzacexploceladon.fr\/wp-content\/uploads\/2021\/04\/Payrol-Final-pour-blog-1-213x270.jpg 213w, https:\/\/larzacexploceladon.fr\/wp-content\/uploads\/2021\/04\/Payrol-Final-pour-blog-1-scaled.jpg 2016w\" sizes=\"auto, (max-width: 807px) 100vw, 807px\" \/><\/a><\/figure>\n<\/div>\n\n\n<p><strong><em>LA PERTE DE SAINT PIERRE ET L&rsquo;AVEN MARCEAU <\/em><\/strong>: Topographie de ce complexe majeur (plan et coupe) situ\u00e9 entre la grotte du Banquier et l&rsquo;aven du Cochon<\/p>\n\n\n<div class=\"wp-block-image\">\n<figure class=\"aligncenter size-large\"><a href=\"https:\/\/larzacexploceladon.fr\/wp-content\/uploads\/2021\/06\/Perte-Marceau-plan-final-scaled.jpg\"><img loading=\"lazy\" decoding=\"async\" width=\"874\" height=\"1024\" src=\"https:\/\/larzacexploceladon.fr\/wp-content\/uploads\/2021\/06\/Perte-Marceau-plan-final-874x1024.jpg\" alt=\"\" class=\"wp-image-2718\" srcset=\"https:\/\/larzacexploceladon.fr\/wp-content\/uploads\/2021\/06\/Perte-Marceau-plan-final-874x1024.jpg 874w, https:\/\/larzacexploceladon.fr\/wp-content\/uploads\/2021\/06\/Perte-Marceau-plan-final-256x300.jpg 256w, https:\/\/larzacexploceladon.fr\/wp-content\/uploads\/2021\/06\/Perte-Marceau-plan-final-768x900.jpg 768w, https:\/\/larzacexploceladon.fr\/wp-content\/uploads\/2021\/06\/Perte-Marceau-plan-final-1311x1536.jpg 1311w, https:\/\/larzacexploceladon.fr\/wp-content\/uploads\/2021\/06\/Perte-Marceau-plan-final-1747x2048.jpg 1747w, https:\/\/larzacexploceladon.fr\/wp-content\/uploads\/2021\/06\/Perte-Marceau-plan-final-230x270.jpg 230w\" sizes=\"auto, (max-width: 874px) 100vw, 874px\" \/><\/a><\/figure>\n<\/div>\n\n<div class=\"wp-block-image\">\n<figure class=\"aligncenter size-large\"><a href=\"https:\/\/larzacexploceladon.fr\/wp-content\/uploads\/2021\/06\/Perte-Marceau-coupe-Final.jpg\"><img loading=\"lazy\" decoding=\"async\" width=\"1024\" height=\"717\" src=\"https:\/\/larzacexploceladon.fr\/wp-content\/uploads\/2021\/06\/Perte-Marceau-coupe-Final-1024x717.jpg\" alt=\"\" class=\"wp-image-2719\" srcset=\"https:\/\/larzacexploceladon.fr\/wp-content\/uploads\/2021\/06\/Perte-Marceau-coupe-Final-1024x717.jpg 1024w, https:\/\/larzacexploceladon.fr\/wp-content\/uploads\/2021\/06\/Perte-Marceau-coupe-Final-300x210.jpg 300w, https:\/\/larzacexploceladon.fr\/wp-content\/uploads\/2021\/06\/Perte-Marceau-coupe-Final-768x538.jpg 768w, https:\/\/larzacexploceladon.fr\/wp-content\/uploads\/2021\/06\/Perte-Marceau-coupe-Final-1536x1076.jpg 1536w, https:\/\/larzacexploceladon.fr\/wp-content\/uploads\/2021\/06\/Perte-Marceau-coupe-Final-2048x1434.jpg 2048w, https:\/\/larzacexploceladon.fr\/wp-content\/uploads\/2021\/06\/Perte-Marceau-coupe-Final-385x270.jpg 385w\" sizes=\"auto, (max-width: 1024px) 100vw, 1024px\" \/><\/a><\/figure>\n<\/div>","protected":false},"excerpt":{"rendered":"<p>Les topographies pr\u00e9sent\u00e9es sur cette page sont libres de droits. Elles sont utilisables par tous et pour tous. Par cons\u00e9quent elles existent dans le but de faire avancer la connaissance et de partager l&rsquo;information. Pour obtenir les version hautes d\u00e9finitions et\/ou les fichiers sources (Visual topo\/ Th\u00e9rion\/Kml\/Illustrator\/Pdf) nous contacter. Toutes nos donn\u00e9es sont g\u00e9or\u00e9f\u00e9renc\u00e9es et peuvent \u00eatre visualis\u00e9es sur notre plateforme Lizmap : LA GROTTE DU BANQUIER (St \u00c9tienne de Gourgas) : C&rsquo;est le r\u00e9seau majeur de la zone \u00ab\u00a0Cirque&#8230;<\/p>\n<p class=\"read-more\"><a class=\"btn btn-default\" href=\"https:\/\/larzacexploceladon.fr\/index.php\/topographies\/\">Lire la suite<span class=\"screen-reader-text\"> Lire la suite<\/span><\/a><\/p>\n","protected":false},"author":2,"featured_media":0,"parent":0,"menu_order":0,"comment_status":"closed","ping_status":"closed","template":"","meta":{"footnotes":""},"class_list":["post-866","page","type-page","status-publish","hentry"],"_links":{"self":[{"href":"https:\/\/larzacexploceladon.fr\/index.php\/wp-json\/wp\/v2\/pages\/866","targetHints":{"allow":["GET"]}}],"collection":[{"href":"https:\/\/larzacexploceladon.fr\/index.php\/wp-json\/wp\/v2\/pages"}],"about":[{"href":"https:\/\/larzacexploceladon.fr\/index.php\/wp-json\/wp\/v2\/types\/page"}],"author":[{"embeddable":true,"href":"https:\/\/larzacexploceladon.fr\/index.php\/wp-json\/wp\/v2\/users\/2"}],"replies":[{"embeddable":true,"href":"https:\/\/larzacexploceladon.fr\/index.php\/wp-json\/wp\/v2\/comments?post=866"}],"version-history":[{"count":26,"href":"https:\/\/larzacexploceladon.fr\/index.php\/wp-json\/wp\/v2\/pages\/866\/revisions"}],"predecessor-version":[{"id":6054,"href":"https:\/\/larzacexploceladon.fr\/index.php\/wp-json\/wp\/v2\/pages\/866\/revisions\/6054"}],"wp:attachment":[{"href":"https:\/\/larzacexploceladon.fr\/index.php\/wp-json\/wp\/v2\/media?parent=866"}],"curies":[{"name":"wp","href":"https:\/\/api.w.org\/{rel}","templated":true}]}}