{"id":864,"date":"2020-10-16T14:17:24","date_gmt":"2020-10-16T12:17:24","guid":{"rendered":"http:\/\/larzacexploceladon.fr\/?page_id=61"},"modified":"2022-01-20T17:42:23","modified_gmt":"2022-01-20T16:42:23","slug":"accueil","status":"publish","type":"page","link":"https:\/\/larzacexploceladon.fr\/","title":{"rendered":"Bienvenue sur le site de Larzac Explo &#8211; Celadon"},"content":{"rendered":"\n<p>Ce site est consacr\u00e9 aux explorations des associations <strong>LARZAC EXPLO<\/strong> et <strong>CELADON<\/strong> sur la partie m\u00e9ridionale du Causse du Larzac. Le but \u00e9tant l&rsquo;information et la diffusion des connaissances acquises au grand public, aux communaut\u00e9s scientifiques et sp\u00e9l\u00e9ologiques.<\/p>\n\n\n\n<p>Nous sommes une \u00e9quipe de sp\u00e9l\u00e9ologues et plongeurs amoureux du karst, venant de toute la r\u00e9gion Occitanie et de toute la France avec pour seul but&nbsp;: la connaissance de la ressource en eau, l&rsquo;exploration des r\u00e9seaux et la compr\u00e9hension du sous-sol caussenard.<\/p>\n\n\n\n<div class=\"wp-block-group\"><div class=\"wp-block-group__inner-container is-layout-flow wp-block-group-is-layout-flow\">\n<div class=\"wp-block-group\"><div class=\"wp-block-group__inner-container is-layout-flow wp-block-group-is-layout-flow\">\n<h2 class=\"wp-block-heading\">Vous pouvez faire notre connaissance<\/h2>\n\n\n\n<ul class=\"wp-block-list\"><li>Sur la page <a href=\"http:\/\/larzacexploceladon.fr\/index.php\/qui-sommes-nous\/\" data-type=\"page\" data-id=\"33\">Qui sommes nous&nbsp;?<\/a><\/li><\/ul>\n<\/div><\/div>\n\n\n\n<div class=\"wp-block-group\"><div class=\"wp-block-group__inner-container is-layout-flow wp-block-group-is-layout-flow\">\n<h2 class=\"wp-block-heading\">D\u00e9couvrir pourquoi nous faisons \u00e7a<\/h2>\n\n\n\n<ul class=\"wp-block-list\"><li>Sur la page <a href=\"http:\/\/larzacexploceladon.fr\/index.php\/pourquoi\/\">Pourquoi&nbsp;?<\/a><\/li><\/ul>\n<\/div><\/div>\n\n\n\n<div class=\"wp-block-group\"><div class=\"wp-block-group__inner-container is-layout-flow wp-block-group-is-layout-flow\">\n<h2 class=\"wp-block-heading\">Conna\u00eetre notre zone d&rsquo;action<\/h2>\n\n\n\n<ul class=\"wp-block-list\"><li>Sur la page <a href=\"http:\/\/larzacexploceladon.fr\/index.php\/localisation\/\">Localisation<\/a><\/li><\/ul>\n<\/div><\/div>\n\n\n\n<div class=\"wp-block-group\"><div class=\"wp-block-group__inner-container is-layout-flow wp-block-group-is-layout-flow\">\n<h2 class=\"wp-block-heading\">Suivre nos aventures<\/h2>\n\n\n\n<ul class=\"wp-block-list\"><li>Sur la page <a href=\"http:\/\/larzacexploceladon.fr\/index.php\/nos_actions\/\">Nos Actions<\/a><\/li><\/ul>\n<\/div><\/div>\n<\/div><\/div>\n\n\n\n<figure class=\"wp-block-image size-large\"><a href=\"https:\/\/larzacexploceladon.fr\/wp-content\/uploads\/2021\/09\/SP-21-15811.jpg\"><img loading=\"lazy\" decoding=\"async\" width=\"1024\" height=\"682\" src=\"https:\/\/larzacexploceladon.fr\/wp-content\/uploads\/2021\/09\/SP-21-15811-1024x682.jpg\" alt=\"\" class=\"wp-image-2961\" srcset=\"https:\/\/larzacexploceladon.fr\/wp-content\/uploads\/2021\/09\/SP-21-15811-1024x682.jpg 1024w, https:\/\/larzacexploceladon.fr\/wp-content\/uploads\/2021\/09\/SP-21-15811-300x200.jpg 300w, https:\/\/larzacexploceladon.fr\/wp-content\/uploads\/2021\/09\/SP-21-15811-768x512.jpg 768w, https:\/\/larzacexploceladon.fr\/wp-content\/uploads\/2021\/09\/SP-21-15811-405x270.jpg 405w, https:\/\/larzacexploceladon.fr\/wp-content\/uploads\/2021\/09\/SP-21-15811.jpg 1400w\" sizes=\"auto, (max-width: 1024px) 100vw, 1024px\" \/><\/a><figcaption>Grotte du Banquier &#8211; \u00a9 Philippe Crochet<\/figcaption><\/figure>\n","protected":false},"excerpt":{"rendered":"<p>Ce site est consacr\u00e9 aux explorations des associations LARZAC EXPLO et CELADON sur la partie m\u00e9ridionale du Causse du Larzac. Le but \u00e9tant l&rsquo;information et la diffusion des connaissances acquises au grand public, aux communaut\u00e9s scientifiques et sp\u00e9l\u00e9ologiques. Nous sommes une \u00e9quipe de sp\u00e9l\u00e9ologues et plongeurs amoureux du karst, venant de toute la r\u00e9gion Occitanie et de toute la France avec pour seul but&nbsp;: la connaissance de la ressource en eau, l&rsquo;exploration des r\u00e9seaux et la compr\u00e9hension du sous-sol caussenard&#8230;.<\/p>\n<p class=\"read-more\"><a class=\"btn btn-default\" href=\"https:\/\/larzacexploceladon.fr\/\">Lire la suite<span class=\"screen-reader-text\"> Lire la suite<\/span><\/a><\/p>\n","protected":false},"author":1,"featured_media":0,"parent":0,"menu_order":0,"comment_status":"closed","ping_status":"closed","template":"","meta":{"footnotes":""},"class_list":["post-864","page","type-page","status-publish","hentry"],"_links":{"self":[{"href":"https:\/\/larzacexploceladon.fr\/index.php\/wp-json\/wp\/v2\/pages\/864","targetHints":{"allow":["GET"]}}],"collection":[{"href":"https:\/\/larzacexploceladon.fr\/index.php\/wp-json\/wp\/v2\/pages"}],"about":[{"href":"https:\/\/larzacexploceladon.fr\/index.php\/wp-json\/wp\/v2\/types\/page"}],"author":[{"embeddable":true,"href":"https:\/\/larzacexploceladon.fr\/index.php\/wp-json\/wp\/v2\/users\/1"}],"replies":[{"embeddable":true,"href":"https:\/\/larzacexploceladon.fr\/index.php\/wp-json\/wp\/v2\/comments?post=864"}],"version-history":[{"count":9,"href":"https:\/\/larzacexploceladon.fr\/index.php\/wp-json\/wp\/v2\/pages\/864\/revisions"}],"predecessor-version":[{"id":3172,"href":"https:\/\/larzacexploceladon.fr\/index.php\/wp-json\/wp\/v2\/pages\/864\/revisions\/3172"}],"wp:attachment":[{"href":"https:\/\/larzacexploceladon.fr\/index.php\/wp-json\/wp\/v2\/media?parent=864"}],"curies":[{"name":"wp","href":"https:\/\/api.w.org\/{rel}","templated":true}]}}