{"id":860,"date":"2020-10-14T18:06:56","date_gmt":"2020-10-14T16:06:56","guid":{"rendered":"http:\/\/151.80.139.235\/?page_id=33"},"modified":"2022-02-03T18:25:22","modified_gmt":"2022-02-03T17:25:22","slug":"qui-sommes-nous","status":"publish","type":"page","link":"https:\/\/larzacexploceladon.fr\/index.php\/qui-sommes-nous\/","title":{"rendered":"Qui sommes-nous ?"},"content":{"rendered":"\n<p><strong>LARZAC EXPLO<\/strong> et <strong>CELADON<\/strong> sont deux associations de recherche en milieu karstique bas\u00e9es dans l\u2019H\u00e9rault (Lod\u00e8ve et Vendargues) et qui ne sont pas des clubs de sp\u00e9l\u00e9ologie. <\/p>\n\n\n\n<p>Forts d&rsquo;exp\u00e9riences de plus de 30 ans sous terre ou en plong\u00e9e souterraine, les deux associations ont d\u00e9cid\u00e9 d\u2019unir leurs forces en 2019 et de mettre le partage de l\u2019information au c\u0153ur de l&rsquo;action.<\/p>\n\n\n\n<figure class=\"wp-block-image size-full\"><img loading=\"lazy\" decoding=\"async\" width=\"913\" height=\"532\" src=\"https:\/\/larzacexploceladon.fr\/wp-content\/uploads\/2021\/07\/Photo-credit-M.Catala.jpg\" alt=\"\" class=\"wp-image-2822\" srcset=\"https:\/\/larzacexploceladon.fr\/wp-content\/uploads\/2021\/07\/Photo-credit-M.Catala.jpg 913w, https:\/\/larzacexploceladon.fr\/wp-content\/uploads\/2021\/07\/Photo-credit-M.Catala-300x175.jpg 300w, https:\/\/larzacexploceladon.fr\/wp-content\/uploads\/2021\/07\/Photo-credit-M.Catala-768x448.jpg 768w, https:\/\/larzacexploceladon.fr\/wp-content\/uploads\/2021\/07\/Photo-credit-M.Catala-463x270.jpg 463w\" sizes=\"auto, (max-width: 913px) 100vw, 913px\" \/><figcaption>Une aventure qui rassemble&#8230;\u00a9Mathieu Catala<\/figcaption><\/figure>\n\n\n\n<p>Nous faisons de l&rsquo;humain et de la d\u00e9couverte notre fer de lance pour que chaque personne compte. Il n\u2019y a pas d&rsquo;explorations sans les femmes et les hommes. <\/p>\n\n\n\n<div class=\"wp-block-image\"><figure class=\"aligncenter size-large\"><img loading=\"lazy\" decoding=\"async\" width=\"750\" height=\"562\" src=\"https:\/\/larzacexploceladon.fr\/wp-content\/uploads\/2020\/11\/redim-23.jpg\" alt=\"Bousquet (J.LGalera)\" class=\"wp-image-595\" srcset=\"https:\/\/larzacexploceladon.fr\/wp-content\/uploads\/2020\/11\/redim-23.jpg 750w, https:\/\/larzacexploceladon.fr\/wp-content\/uploads\/2020\/11\/redim-23-300x225.jpg 300w\" sizes=\"auto, (max-width: 750px) 100vw, 750px\" \/><figcaption>l&rsquo;\u00e9quipe des premi\u00e8res heures&#8230;\u00a9J.L.Gal\u00e9ra<\/figcaption><\/figure><\/div>\n\n\n\n<p>Les sp\u00e9l\u00e9ologues ou plongeurs qui rejoignent cette id\u00e9e viennent avec leurs exp\u00e9riences, leurs connaissances dans le but d&rsquo;explorer les r\u00e9seaux karstiques et de partager l&rsquo;information. Beaucoup de membres de clubs locaux et des individuels mais aussi des Berrichons, des Parisiens, des Ni\u00e7ois, des Marseillais\u2026 Une aventure interg\u00e9n\u00e9rationnelle au service du patrimoine souterrain et de la connaissance.<\/p>\n\n\n\n<div class=\"wp-block-image\"><figure class=\"alignleft size-large is-resized\"><img loading=\"lazy\" decoding=\"async\" src=\"https:\/\/larzacexploceladon.fr\/wp-content\/uploads\/2020\/10\/cropped-cropped-Capture-decran-2020-10-25-123627.jpg\" alt=\"\" class=\"wp-image-2139\" width=\"121\" height=\"121\" srcset=\"https:\/\/larzacexploceladon.fr\/wp-content\/uploads\/2020\/10\/cropped-cropped-Capture-decran-2020-10-25-123627.jpg 512w, https:\/\/larzacexploceladon.fr\/wp-content\/uploads\/2020\/10\/cropped-cropped-Capture-decran-2020-10-25-123627-300x300.jpg 300w, https:\/\/larzacexploceladon.fr\/wp-content\/uploads\/2020\/10\/cropped-cropped-Capture-decran-2020-10-25-123627-150x150.jpg 150w, https:\/\/larzacexploceladon.fr\/wp-content\/uploads\/2020\/10\/cropped-cropped-Capture-decran-2020-10-25-123627-270x270.jpg 270w, https:\/\/larzacexploceladon.fr\/wp-content\/uploads\/2020\/10\/cropped-cropped-Capture-decran-2020-10-25-123627-192x192.jpg 192w, https:\/\/larzacexploceladon.fr\/wp-content\/uploads\/2020\/10\/cropped-cropped-Capture-decran-2020-10-25-123627-180x180.jpg 180w, https:\/\/larzacexploceladon.fr\/wp-content\/uploads\/2020\/10\/cropped-cropped-Capture-decran-2020-10-25-123627-32x32.jpg 32w\" sizes=\"auto, (max-width: 121px) 100vw, 121px\" \/><\/figure><\/div>\n\n\n\n<blockquote class=\"wp-block-quote is-layout-flow wp-block-quote-is-layout-flow\"><p><em>\u00ab\u00a0Tout le monde savait que c&rsquo;\u00e9tait impossible, il est venu un imb\u00e9cile qui ne le savait pas et qui l&rsquo;a fait.\u00a0\u00bb <\/em><\/p><cite><em>Marcel Pagnol<\/em><\/cite><\/blockquote>\n","protected":false},"excerpt":{"rendered":"<p>LARZAC EXPLO et CELADON sont deux associations de recherche en milieu karstique bas\u00e9es dans l\u2019H\u00e9rault (Lod\u00e8ve et Vendargues) et qui ne sont pas des clubs de sp\u00e9l\u00e9ologie. Forts d&rsquo;exp\u00e9riences de plus de 30 ans sous terre ou en plong\u00e9e souterraine, les deux associations ont d\u00e9cid\u00e9 d\u2019unir leurs forces en 2019 et de mettre le partage de l\u2019information au c\u0153ur de l&rsquo;action. Nous faisons de l&rsquo;humain et de la d\u00e9couverte notre fer de lance pour que chaque personne compte. Il n\u2019y&#8230;<\/p>\n<p class=\"read-more\"><a class=\"btn btn-default\" href=\"https:\/\/larzacexploceladon.fr\/index.php\/qui-sommes-nous\/\">Lire la suite<span class=\"screen-reader-text\"> Lire la suite<\/span><\/a><\/p>\n","protected":false},"author":1,"featured_media":0,"parent":0,"menu_order":0,"comment_status":"closed","ping_status":"closed","template":"","meta":{"footnotes":""},"class_list":["post-860","page","type-page","status-publish","hentry"],"_links":{"self":[{"href":"https:\/\/larzacexploceladon.fr\/index.php\/wp-json\/wp\/v2\/pages\/860","targetHints":{"allow":["GET"]}}],"collection":[{"href":"https:\/\/larzacexploceladon.fr\/index.php\/wp-json\/wp\/v2\/pages"}],"about":[{"href":"https:\/\/larzacexploceladon.fr\/index.php\/wp-json\/wp\/v2\/types\/page"}],"author":[{"embeddable":true,"href":"https:\/\/larzacexploceladon.fr\/index.php\/wp-json\/wp\/v2\/users\/1"}],"replies":[{"embeddable":true,"href":"https:\/\/larzacexploceladon.fr\/index.php\/wp-json\/wp\/v2\/comments?post=860"}],"version-history":[{"count":11,"href":"https:\/\/larzacexploceladon.fr\/index.php\/wp-json\/wp\/v2\/pages\/860\/revisions"}],"predecessor-version":[{"id":3189,"href":"https:\/\/larzacexploceladon.fr\/index.php\/wp-json\/wp\/v2\/pages\/860\/revisions\/3189"}],"wp:attachment":[{"href":"https:\/\/larzacexploceladon.fr\/index.php\/wp-json\/wp\/v2\/media?parent=860"}],"curies":[{"name":"wp","href":"https:\/\/api.w.org\/{rel}","templated":true}]}}