{"id":859,"date":"2020-10-14T18:06:56","date_gmt":"2020-10-14T16:06:56","guid":{"rendered":"http:\/\/151.80.139.235\/?page_id=32"},"modified":"2022-01-20T17:24:36","modified_gmt":"2022-01-20T16:24:36","slug":"pourquoi","status":"publish","type":"page","link":"https:\/\/larzacexploceladon.fr\/index.php\/pourquoi\/","title":{"rendered":"Pourquoi ?"},"content":{"rendered":"\n<p>Parce qu\u2019explorer et comprendre sont nos passions.<\/p>\n\n\n\n<p>Parce que l\u2019exploration souterraine permet de mieux conna\u00eetre notre environnement et d\u2019en pr\u00e9server les merveilles.<\/p>\n\n\n\n<div class=\"wp-block-image\"><figure class=\"aligncenter size-large\"><a href=\"https:\/\/larzacexploceladon.fr\/wp-content\/uploads\/2021\/11\/BG1_0955_DxO3.jpg\"><img loading=\"lazy\" decoding=\"async\" width=\"1024\" height=\"683\" src=\"https:\/\/larzacexploceladon.fr\/wp-content\/uploads\/2021\/11\/BG1_0955_DxO3-1024x683.jpg\" alt=\"\" class=\"wp-image-3036\" srcset=\"https:\/\/larzacexploceladon.fr\/wp-content\/uploads\/2021\/11\/BG1_0955_DxO3-1024x683.jpg 1024w, https:\/\/larzacexploceladon.fr\/wp-content\/uploads\/2021\/11\/BG1_0955_DxO3-300x200.jpg 300w, https:\/\/larzacexploceladon.fr\/wp-content\/uploads\/2021\/11\/BG1_0955_DxO3-768x512.jpg 768w, https:\/\/larzacexploceladon.fr\/wp-content\/uploads\/2021\/11\/BG1_0955_DxO3-1536x1024.jpg 1536w, https:\/\/larzacexploceladon.fr\/wp-content\/uploads\/2021\/11\/BG1_0955_DxO3-405x270.jpg 405w, https:\/\/larzacexploceladon.fr\/wp-content\/uploads\/2021\/11\/BG1_0955_DxO3.jpg 2048w\" sizes=\"auto, (max-width: 1024px) 100vw, 1024px\" \/><\/a><figcaption>Aven des Perles \u00a9 Bernard Galibert<\/figcaption><\/figure><\/div>\n\n\n\n<p>Pour cela, nous r\u00e9alisons des topographies pr\u00e9cises, descriptives, analytiques et g\u00e9or\u00e9f\u00e9renc\u00e9es des cavit\u00e9s majeures du Sud Larzac. Nous reprenons syst\u00e9matiquement l\u2019ensemble des ph\u00e9nom\u00e8nes karstiques en les centralisant sur une base de donn\u00e9es SIG nomm\u00e9e <strong>Vmap.<\/strong><\/p>\n\n\n\n<div class=\"wp-block-image is-style-rounded\"><figure class=\"alignleft size-large is-resized\"><img loading=\"lazy\" decoding=\"async\" src=\"https:\/\/larzacexploceladon.fr\/wp-content\/uploads\/2021\/05\/topo-web-1024x768.jpg\" alt=\"\" class=\"wp-image-2641\" width=\"247\" height=\"185\" srcset=\"https:\/\/larzacexploceladon.fr\/wp-content\/uploads\/2021\/05\/topo-web-1024x768.jpg 1024w, https:\/\/larzacexploceladon.fr\/wp-content\/uploads\/2021\/05\/topo-web-300x225.jpg 300w, https:\/\/larzacexploceladon.fr\/wp-content\/uploads\/2021\/05\/topo-web-768x576.jpg 768w, https:\/\/larzacexploceladon.fr\/wp-content\/uploads\/2021\/05\/topo-web-360x270.jpg 360w, https:\/\/larzacexploceladon.fr\/wp-content\/uploads\/2021\/05\/topo-web.jpg 1280w\" sizes=\"auto, (max-width: 247px) 100vw, 247px\" \/><figcaption><em>S\u00e9ance de topographie \u00e0 l\u2019aven du Cochon<\/em><\/figcaption><\/figure><\/div>\n\n\n\n<p>Nous publions ces donn\u00e9es au fil de l\u2019eau, au travers d\u2019articles sur des revues sp\u00e9cialis\u00e9es comme Sp\u00e9l\u00e9o Magazine ou sur le site Grotto Center avec la notion <strong>\u00ab\u00a0libre de droits\u00a0\u00bb. <\/strong><\/p>\n\n\n\n<div class=\"wp-block-image is-style-rounded\"><figure class=\"alignright size-large is-resized\"><img loading=\"lazy\" decoding=\"async\" src=\"https:\/\/larzacexploceladon.fr\/wp-content\/uploads\/2021\/09\/20210917_185238-1024x575.jpg\" alt=\"\" class=\"wp-image-2976\" width=\"353\" height=\"197\" srcset=\"https:\/\/larzacexploceladon.fr\/wp-content\/uploads\/2021\/09\/20210917_185238-1024x575.jpg 1024w, https:\/\/larzacexploceladon.fr\/wp-content\/uploads\/2021\/09\/20210917_185238-481x270.jpg 481w, https:\/\/larzacexploceladon.fr\/wp-content\/uploads\/2021\/09\/20210917_185238-1038x576.jpg 1038w, https:\/\/larzacexploceladon.fr\/wp-content\/uploads\/2021\/09\/20210917_185238.jpg 1050w\" sizes=\"auto, (max-width: 353px) 100vw, 353px\" \/><figcaption><em>Informer pour mieux prot\u00e9ger le patrimoine souterrain<\/em><\/figcaption><\/figure><\/div>\n\n\n\n<p>Ces donn\u00e9es sont donc consultables par tous et pour tous. Nous partageons \u00e9galement nos informations avec la <strong>Communaut\u00e9 de Communes Lod\u00e9vois et Larzac<\/strong> au travers de l&rsquo;<strong>Observatoire du Karst<\/strong>. La population locale est ensuite inform\u00e9e par voie de presse, par conf\u00e9rences ou par les r\u00e9seaux sociaux. <\/p>\n\n\n\n<p>La protection et la compr\u00e9hension de la ressource en eau \u00e9tant devenu notre ligne de conduite principale, nous \u00e9changeons \u00e9galement r\u00e9guli\u00e8rement avec le <strong>service hydrog\u00e9ologie du Conseil D\u00e9partemental de l&rsquo;H\u00e9rault.<\/strong>  <\/p>\n\n\n\n<div class=\"wp-block-image\"><figure class=\"aligncenter size-large\"><a href=\"https:\/\/larzacexploceladon.fr\/wp-content\/uploads\/2022\/01\/BG1_1135_DxO4.jpg\"><img loading=\"lazy\" decoding=\"async\" width=\"1024\" height=\"671\" src=\"https:\/\/larzacexploceladon.fr\/wp-content\/uploads\/2022\/01\/BG1_1135_DxO4-1024x671.jpg\" alt=\"\" class=\"wp-image-3116\" srcset=\"https:\/\/larzacexploceladon.fr\/wp-content\/uploads\/2022\/01\/BG1_1135_DxO4-1024x671.jpg 1024w, https:\/\/larzacexploceladon.fr\/wp-content\/uploads\/2022\/01\/BG1_1135_DxO4-300x197.jpg 300w, https:\/\/larzacexploceladon.fr\/wp-content\/uploads\/2022\/01\/BG1_1135_DxO4-768x503.jpg 768w, https:\/\/larzacexploceladon.fr\/wp-content\/uploads\/2022\/01\/BG1_1135_DxO4-412x270.jpg 412w, https:\/\/larzacexploceladon.fr\/wp-content\/uploads\/2022\/01\/BG1_1135_DxO4.jpg 1045w\" sizes=\"auto, (max-width: 1024px) 100vw, 1024px\" \/><\/a><figcaption>Aven des Perles \u00a9Bernard Galibert<\/figcaption><\/figure><\/div>\n","protected":false},"excerpt":{"rendered":"<p>Parce qu\u2019explorer et comprendre sont nos passions. Parce que l\u2019exploration souterraine permet de mieux conna\u00eetre notre environnement et d\u2019en pr\u00e9server les merveilles. Pour cela, nous r\u00e9alisons des topographies pr\u00e9cises, descriptives, analytiques et g\u00e9or\u00e9f\u00e9renc\u00e9es des cavit\u00e9s majeures du Sud Larzac. Nous reprenons syst\u00e9matiquement l\u2019ensemble des ph\u00e9nom\u00e8nes karstiques en les centralisant sur une base de donn\u00e9es SIG nomm\u00e9e Vmap. Nous publions ces donn\u00e9es au fil de l\u2019eau, au travers d\u2019articles sur des revues sp\u00e9cialis\u00e9es comme Sp\u00e9l\u00e9o Magazine ou sur le site Grotto&#8230;<\/p>\n<p class=\"read-more\"><a class=\"btn btn-default\" href=\"https:\/\/larzacexploceladon.fr\/index.php\/pourquoi\/\">Lire la suite<span class=\"screen-reader-text\"> Lire la suite<\/span><\/a><\/p>\n","protected":false},"author":1,"featured_media":0,"parent":0,"menu_order":0,"comment_status":"closed","ping_status":"closed","template":"","meta":{"footnotes":""},"class_list":["post-859","page","type-page","status-publish","hentry"],"_links":{"self":[{"href":"https:\/\/larzacexploceladon.fr\/index.php\/wp-json\/wp\/v2\/pages\/859","targetHints":{"allow":["GET"]}}],"collection":[{"href":"https:\/\/larzacexploceladon.fr\/index.php\/wp-json\/wp\/v2\/pages"}],"about":[{"href":"https:\/\/larzacexploceladon.fr\/index.php\/wp-json\/wp\/v2\/types\/page"}],"author":[{"embeddable":true,"href":"https:\/\/larzacexploceladon.fr\/index.php\/wp-json\/wp\/v2\/users\/1"}],"replies":[{"embeddable":true,"href":"https:\/\/larzacexploceladon.fr\/index.php\/wp-json\/wp\/v2\/comments?post=859"}],"version-history":[{"count":25,"href":"https:\/\/larzacexploceladon.fr\/index.php\/wp-json\/wp\/v2\/pages\/859\/revisions"}],"predecessor-version":[{"id":3168,"href":"https:\/\/larzacexploceladon.fr\/index.php\/wp-json\/wp\/v2\/pages\/859\/revisions\/3168"}],"wp:attachment":[{"href":"https:\/\/larzacexploceladon.fr\/index.php\/wp-json\/wp\/v2\/media?parent=859"}],"curies":[{"name":"wp","href":"https:\/\/api.w.org\/{rel}","templated":true}]}}